{"id":45,"date":"2021-08-26T12:21:44","date_gmt":"2021-08-26T12:21:44","guid":{"rendered":"http:\/\/dummy.xtemos.com\/woodmart2\/elementor\/?page_id=45"},"modified":"2025-06-12T18:24:56","modified_gmt":"2025-06-12T18:24:56","slug":"palyginimas","status":"publish","type":"page","link":"https:\/\/tophotlot.com\/lt\/palyginimas\/","title":{"rendered":"Palyginimas"},"content":{"rendered":"\t\t<p class=\"wd-empty-compare wd-empty-page\">\n\t\t\tPalyginimo s\u0105ra\u0161as tu\u0161\u010dias.\t\t<\/p>\n\t\t\t\t\t<div class=\"wd-empty-page-text\">\n\t\t\t\tNo products added in the compare list. You must add some products to compare them.<br> You will find a lot of interesting products on our \"Shop\" page.\t\t\t<\/div>\n\t\t\t\t<p class=\"return-to-shop\">\n\t\t\t<a class=\"button\" href=\"https:\/\/tophotlot.com\/lt\/parduotuve\/\">\n\t\t\t\tGr\u012f\u017eti \u012f parduotuv\u0119\t\t\t<\/a>\n\t\t<\/p>\n\t\t\n","protected":false},"excerpt":{"rendered":"","protected":false},"author":1,"featured_media":0,"parent":0,"menu_order":0,"comment_status":"closed","ping_status":"closed","template":"","meta":{"_uag_custom_page_level_css":"","_trash_the_other_posts":false,"_monsterinsights_skip_tracking":false,"_monsterinsights_sitenote_active":false,"_monsterinsights_sitenote_note":"","_monsterinsights_sitenote_category":0,"editor_notices":[],"footnotes":""},"class_list":["post-45","page","type-page","status-publish","hentry"],"yoast_head":"<!-- This site is optimized with the Yoast SEO plugin v27.3 - https:\/\/yoast.com\/product\/yoast-seo-wordpress\/ -->\n<title>Palyginimas - Tophotlot<\/title>\n<meta name=\"robots\" content=\"noindex, follow\" \/>\n<meta property=\"og:locale\" content=\"lt_LT\" \/>\n<meta property=\"og:type\" content=\"article\" \/>\n<meta property=\"og:title\" content=\"Palyginimas - Tophotlot\" \/>\n<meta property=\"og:url\" content=\"https:\/\/tophotlot.com\/lt\/palyginimas\/\" \/>\n<meta property=\"og:site_name\" content=\"Tophotlot.lt\" \/>\n<meta property=\"article:modified_time\" content=\"2025-06-12T18:24:56+00:00\" \/>\n<meta name=\"twitter:card\" content=\"summary_large_image\" \/>\n<meta name=\"twitter:label1\" content=\"Est. reading time\" \/>\n\t<meta name=\"twitter:data1\" content=\"1 minut\u0117\" \/>\n<script type=\"application\/ld+json\" class=\"yoast-schema-graph\">{\"@context\":\"https:\\\/\\\/schema.org\",\"@graph\":[{\"@type\":\"WebPage\",\"@id\":\"https:\\\/\\\/tophotlot.com\\\/lt\\\/palyginimas\\\/\",\"url\":\"https:\\\/\\\/tophotlot.com\\\/lt\\\/palyginimas\\\/\",\"name\":\"Palyginimas - Tophotlot\",\"isPartOf\":{\"@id\":\"https:\\\/\\\/tophotlot.com\\\/lt\\\/#website\"},\"datePublished\":\"2021-08-26T12:21:44+00:00\",\"dateModified\":\"2025-06-12T18:24:56+00:00\",\"breadcrumb\":{\"@id\":\"https:\\\/\\\/tophotlot.com\\\/lt\\\/palyginimas\\\/#breadcrumb\"},\"inLanguage\":\"lt-LT\",\"potentialAction\":[{\"@type\":\"ReadAction\",\"target\":[\"https:\\\/\\\/tophotlot.com\\\/lt\\\/palyginimas\\\/\"]}]},{\"@type\":\"BreadcrumbList\",\"@id\":\"https:\\\/\\\/tophotlot.com\\\/lt\\\/palyginimas\\\/#breadcrumb\",\"itemListElement\":[{\"@type\":\"ListItem\",\"position\":1,\"name\":\"Home\",\"item\":\"https:\\\/\\\/tophotlot.com\\\/lt\\\/\"},{\"@type\":\"ListItem\",\"position\":2,\"name\":\"Palyginimas\"}]},{\"@type\":\"WebSite\",\"@id\":\"https:\\\/\\\/tophotlot.com\\\/lt\\\/#website\",\"url\":\"https:\\\/\\\/tophotlot.com\\\/lt\\\/\",\"name\":\"Tophotlot\",\"description\":\"\",\"alternateName\":\"Tophotlot\",\"potentialAction\":[{\"@type\":\"SearchAction\",\"target\":{\"@type\":\"EntryPoint\",\"urlTemplate\":\"https:\\\/\\\/tophotlot.com\\\/lt\\\/?s={search_term_string}\"},\"query-input\":{\"@type\":\"PropertyValueSpecification\",\"valueRequired\":true,\"valueName\":\"search_term_string\"}}],\"inLanguage\":\"lt-LT\"}]}<\/script>\n<!-- \/ Yoast SEO plugin. -->","yoast_head_json":{"title":"Palyginimas - Tophotlot","robots":{"index":"noindex","follow":"follow"},"og_locale":"lt_LT","og_type":"article","og_title":"Palyginimas - Tophotlot","og_url":"https:\/\/tophotlot.com\/lt\/palyginimas\/","og_site_name":"Tophotlot.lt","article_modified_time":"2025-06-12T18:24:56+00:00","twitter_card":"summary_large_image","twitter_misc":{"Est. reading time":"1 minut\u0117"},"schema":{"@context":"https:\/\/schema.org","@graph":[{"@type":"WebPage","@id":"https:\/\/tophotlot.com\/lt\/palyginimas\/","url":"https:\/\/tophotlot.com\/lt\/palyginimas\/","name":"Palyginimas - Tophotlot","isPartOf":{"@id":"https:\/\/tophotlot.com\/lt\/#website"},"datePublished":"2021-08-26T12:21:44+00:00","dateModified":"2025-06-12T18:24:56+00:00","breadcrumb":{"@id":"https:\/\/tophotlot.com\/lt\/palyginimas\/#breadcrumb"},"inLanguage":"lt-LT","potentialAction":[{"@type":"ReadAction","target":["https:\/\/tophotlot.com\/lt\/palyginimas\/"]}]},{"@type":"BreadcrumbList","@id":"https:\/\/tophotlot.com\/lt\/palyginimas\/#breadcrumb","itemListElement":[{"@type":"ListItem","position":1,"name":"Home","item":"https:\/\/tophotlot.com\/lt\/"},{"@type":"ListItem","position":2,"name":"Palyginimas"}]},{"@type":"WebSite","@id":"https:\/\/tophotlot.com\/lt\/#website","url":"https:\/\/tophotlot.com\/lt\/","name":"Tophotlot","description":"","alternateName":"Tophotlot","potentialAction":[{"@type":"SearchAction","target":{"@type":"EntryPoint","urlTemplate":"https:\/\/tophotlot.com\/lt\/?s={search_term_string}"},"query-input":{"@type":"PropertyValueSpecification","valueRequired":true,"valueName":"search_term_string"}}],"inLanguage":"lt-LT"}]}},"uagb_featured_image_src":{"full":false,"thumbnail":false,"medium":false,"medium_large":false,"large":false,"1536x1536":false,"2048x2048":false,"woocommerce_thumbnail":false,"woocommerce_single":false,"woocommerce_gallery_thumbnail":false},"uagb_author_info":{"display_name":"tophotlot","author_link":"https:\/\/tophotlot.com\/lt\/author\/tophotlot\/"},"uagb_comment_info":0,"uagb_excerpt":null,"_links":{"self":[{"href":"https:\/\/tophotlot.com\/lt\/wp-json\/wp\/v2\/pages\/45","targetHints":{"allow":["GET"]}}],"collection":[{"href":"https:\/\/tophotlot.com\/lt\/wp-json\/wp\/v2\/pages"}],"about":[{"href":"https:\/\/tophotlot.com\/lt\/wp-json\/wp\/v2\/types\/page"}],"author":[{"embeddable":true,"href":"https:\/\/tophotlot.com\/lt\/wp-json\/wp\/v2\/users\/1"}],"replies":[{"embeddable":true,"href":"https:\/\/tophotlot.com\/lt\/wp-json\/wp\/v2\/comments?post=45"}],"version-history":[{"count":3,"href":"https:\/\/tophotlot.com\/lt\/wp-json\/wp\/v2\/pages\/45\/revisions"}],"predecessor-version":[{"id":16834,"href":"https:\/\/tophotlot.com\/lt\/wp-json\/wp\/v2\/pages\/45\/revisions\/16834"}],"wp:attachment":[{"href":"https:\/\/tophotlot.com\/lt\/wp-json\/wp\/v2\/media?parent=45"}],"curies":[{"name":"wp","href":"https:\/\/api.w.org\/{rel}","templated":true}]}}