{"id":6,"date":"2024-04-23T21:42:08","date_gmt":"2024-04-23T21:42:08","guid":{"rendered":"https:\/\/tophotlot.lt\/krepselis\/"},"modified":"2026-04-03T21:33:31","modified_gmt":"2026-04-03T21:33:31","slug":"krepselis","status":"publish","type":"page","link":"https:\/\/tophotlot.com\/lt\/krepselis\/","title":{"rendered":"Krep\u0161elis"},"content":{"rendered":"\r\n<div data-block-name=\"woocommerce\/cart\" class=\"wp-block-woocommerce-cart alignwide is-loading\">\r\n<div data-block-name=\"woocommerce\/filled-cart-block\" class=\"wp-block-woocommerce-filled-cart-block\">\r\n<div data-block-name=\"woocommerce\/cart-items-block\" class=\"wp-block-woocommerce-cart-items-block\">\r\n<div data-block-name=\"woocommerce\/cart-line-items-block\" class=\"wp-block-woocommerce-cart-line-items-block\">\u00a0<\/div>\r\n\r\n\r\n\r\n<div data-block-name=\"woocommerce\/cart-cross-sells-block\" class=\"wp-block-woocommerce-cart-cross-sells-block\">\r\n<h2 class=\"wp-block-heading has-large-font-size\">You may be interested in\u2026<\/h2>\r\n\r\n\r\n\r\n<div data-block-name=\"woocommerce\/cart-cross-sells-products-block\" class=\"wp-block-woocommerce-cart-cross-sells-products-block\">\u00a0<\/div>\r\n<\/div>\r\n<\/div>\r\n\r\n\r\n\r\n<div data-block-name=\"woocommerce\/cart-totals-block\" class=\"wp-block-woocommerce-cart-totals-block\">\r\n<div data-block-name=\"woocommerce\/cart-order-summary-block\" class=\"wp-block-woocommerce-cart-order-summary-block\">\r\n<div data-block-name=\"woocommerce\/cart-order-summary-heading-block\" class=\"wp-block-woocommerce-cart-order-summary-heading-block\">\u00a0<\/div>\r\n\r\n\r\n\r\n<div data-block-name=\"woocommerce\/cart-order-summary-coupon-form-block\" class=\"wp-block-woocommerce-cart-order-summary-coupon-form-block\">\u00a0<\/div>\r\n\r\n\r\n\r\n\r\n\r\n\r\n\r\n\r\n\r\n\r\n\r\n\r\n\r\n\r\n\r\n\r\n\r\n\r\n\r\n<div data-block-name=\"woocommerce\/cart-order-summary-totals-block\" class=\"wp-block-woocommerce-cart-order-summary-totals-block\">\n<div data-block-name=\"woocommerce\/cart-order-summary-subtotal-block\" class=\"wp-block-woocommerce-cart-order-summary-subtotal-block\">\u00a0<\/div>\n<div data-block-name=\"woocommerce\/cart-order-summary-discount-block\" class=\"wp-block-woocommerce-cart-order-summary-discount-block\">\u00a0<\/div>\n<div data-block-name=\"woocommerce\/cart-order-summary-fee-block\" class=\"wp-block-woocommerce-cart-order-summary-fee-block\">\u00a0<\/div>\n<div data-block-name=\"woocommerce\/cart-order-summary-shipping-block\" class=\"wp-block-woocommerce-cart-order-summary-shipping-block\">\u00a0<\/div>\n<div data-block-name=\"woocommerce\/cart-order-summary-taxes-block\" class=\"wp-block-woocommerce-cart-order-summary-taxes-block\">\u00a0<\/div><\/div>\r\n<\/div>\r\n\r\n\r\n\r\n<div data-block-name=\"woocommerce\/cart-express-payment-block\" class=\"wp-block-woocommerce-cart-express-payment-block\">\u00a0<\/div>\r\n\r\n\r\n\r\n<div data-block-name=\"woocommerce\/proceed-to-checkout-block\" class=\"wp-block-woocommerce-proceed-to-checkout-block\">\u00a0<\/div>\r\n\r\n\r\n\r\n<div data-block-name=\"woocommerce\/cart-accepted-payment-methods-block\" class=\"wp-block-woocommerce-cart-accepted-payment-methods-block\">\u00a0<\/div>\r\n<\/div>\r\n<\/div>\r\n\r\n\r\n\r\n<div data-block-name=\"woocommerce\/empty-cart-block\" class=\"wp-block-woocommerce-empty-cart-block\">\r\n<h2 class=\"wp-block-heading has-text-align-center with-empty-cart-icon wc-block-cart__empty-cart__title\">J\u016bs\u0173 krep\u0161elis kol kas tu\u0161\u010dias.<\/h2>\r\n\r\n\r\n<hr class=\"wp-block-separator has-alpha-channel-opacity is-style-dots\" \/>\r\n\r\n\r\n<h2 class=\"wp-block-heading has-text-align-center\">Naujausi produktai<\/h2>\r\n\r\n\r\n<div data-block-name=\"woocommerce\/product-new\" data-columns=\"4\" data-rows=\"1\" class=\"wc-block-grid wp-block-product-new wp-block-woocommerce-product-new wc-block-product-new has-4-columns\"><ul class=\"wc-block-grid__products\"><li class=\"wc-block-grid__product\">\n\t\t\t\t<a href=\"https:\/\/tophotlot.com\/lt\/kangoo-jumps-kj-pro7-sokinejimo-batai-juoda-oranzine\/\" class=\"wc-block-grid__product-link\">\n\t\t\t\t\t\n\t\t\t\t\t<div class=\"wc-block-grid__product-image\"><img loading=\"lazy\" decoding=\"async\" width=\"430\" height=\"430\" src=\"https:\/\/tophotlot.com\/lt\/wp-content\/uploads\/sites\/2\/2025\/06\/kj_pro_bo_spring.1000x1000-430x430.webp\" class=\"attachment-woocommerce_thumbnail size-woocommerce_thumbnail\" alt=\"Kangoo Jumps KJ PRO7 \u0160okin\u0117jimo batai, Juoda Oran\u017ein\u0117\" srcset=\"https:\/\/tophotlot.com\/lt\/wp-content\/uploads\/sites\/2\/2025\/06\/kj_pro_bo_spring.1000x1000-430x430.webp 430w, https:\/\/tophotlot.com\/lt\/wp-content\/uploads\/sites\/2\/2025\/06\/kj_pro_bo_spring.1000x1000-300x300.webp 300w, https:\/\/tophotlot.com\/lt\/wp-content\/uploads\/sites\/2\/2025\/06\/kj_pro_bo_spring.1000x1000-800x800.webp 800w, https:\/\/tophotlot.com\/lt\/wp-content\/uploads\/sites\/2\/2025\/06\/kj_pro_bo_spring.1000x1000-150x150.webp 150w, https:\/\/tophotlot.com\/lt\/wp-content\/uploads\/sites\/2\/2025\/06\/kj_pro_bo_spring.1000x1000-768x768.webp 768w, https:\/\/tophotlot.com\/lt\/wp-content\/uploads\/sites\/2\/2025\/06\/kj_pro_bo_spring.1000x1000-700x700.webp 700w, https:\/\/tophotlot.com\/lt\/wp-content\/uploads\/sites\/2\/2025\/06\/kj_pro_bo_spring.1000x1000.webp 1000w\" sizes=\"auto, (max-width: 430px) 100vw, 430px\" \/><\/div>\n\t\t\t\t\t<div class=\"wc-block-grid__product-title\">Kangoo Jumps KJ PRO7 \u0160okin\u0117jimo batai, Juoda Oran\u017ein\u0117<\/div>\n\t\t\t\t<\/a>\n\t\t\t\t<div class=\"wc-block-grid__product-price price\"><span class=\"woocommerce-Price-amount amount\">299,99&nbsp;<span class=\"woocommerce-Price-currencySymbol\">&euro;<\/span><\/span><\/div>\n\t\t\t\t\n\t\t\t\t<div class=\"wp-block-button wc-block-grid__product-add-to-cart\"><a href=\"https:\/\/tophotlot.com\/lt\/kangoo-jumps-kj-pro7-sokinejimo-batai-juoda-oranzine\/\" aria-label=\"Pasirinkti savybes: &ldquo;Kangoo Jumps KJ PRO7 \u0160okin\u0117jimo batai, Juoda Oran\u017ein\u0117&rdquo;\" data-quantity=\"1\" data-product_id=\"16734\" data-product_sku=\"\" data-price=\"299.99\" rel=\"nofollow\" class=\"wp-block-button__link  add_to_cart_button\">Pasirinkti savybes<\/a><\/div>\n\t\t\t<\/li><li class=\"wc-block-grid__product\">\n\t\t\t\t<a href=\"https:\/\/tophotlot.com\/lt\/kangoo-jumps-kj-xr3-sokinejimo-batai-juoda-pilka\/\" class=\"wc-block-grid__product-link\">\n\t\t\t\t\t\n\t\t\t\t\t<div class=\"wc-block-grid__product-image\"><img loading=\"lazy\" decoding=\"async\" width=\"430\" height=\"430\" src=\"https:\/\/tophotlot.com\/lt\/wp-content\/uploads\/sites\/2\/2025\/06\/xr3_b-b.1000x1000-430x430.webp\" class=\"attachment-woocommerce_thumbnail size-woocommerce_thumbnail\" alt=\"Kangoo Jumps KJ XR3 \u0160okin\u0117jimo batai, Juoda Pilka\" srcset=\"https:\/\/tophotlot.com\/lt\/wp-content\/uploads\/sites\/2\/2025\/06\/xr3_b-b.1000x1000-430x430.webp 430w, https:\/\/tophotlot.com\/lt\/wp-content\/uploads\/sites\/2\/2025\/06\/xr3_b-b.1000x1000-300x300.webp 300w, https:\/\/tophotlot.com\/lt\/wp-content\/uploads\/sites\/2\/2025\/06\/xr3_b-b.1000x1000-800x800.webp 800w, https:\/\/tophotlot.com\/lt\/wp-content\/uploads\/sites\/2\/2025\/06\/xr3_b-b.1000x1000-150x150.webp 150w, https:\/\/tophotlot.com\/lt\/wp-content\/uploads\/sites\/2\/2025\/06\/xr3_b-b.1000x1000-768x768.webp 768w, https:\/\/tophotlot.com\/lt\/wp-content\/uploads\/sites\/2\/2025\/06\/xr3_b-b.1000x1000-700x700.webp 700w, https:\/\/tophotlot.com\/lt\/wp-content\/uploads\/sites\/2\/2025\/06\/xr3_b-b.1000x1000.webp 1000w\" sizes=\"auto, (max-width: 430px) 100vw, 430px\" \/><\/div>\n\t\t\t\t\t<div class=\"wc-block-grid__product-title\">Kangoo Jumps KJ XR3 \u0160okin\u0117jimo batai, Juoda Pilka<\/div>\n\t\t\t\t<\/a>\n\t\t\t\t<div class=\"wc-block-grid__product-price price\"><span class=\"woocommerce-Price-amount amount\">229,99&nbsp;<span class=\"woocommerce-Price-currencySymbol\">&euro;<\/span><\/span><\/div>\n\t\t\t\t\n\t\t\t\t<div class=\"wp-block-button wc-block-grid__product-add-to-cart\"><a href=\"https:\/\/tophotlot.com\/lt\/kangoo-jumps-kj-xr3-sokinejimo-batai-juoda-pilka\/\" aria-label=\"Pasirinkti savybes: &ldquo;Kangoo Jumps KJ XR3 \u0160okin\u0117jimo batai, Juoda Pilka&rdquo;\" data-quantity=\"1\" data-product_id=\"16727\" data-product_sku=\"\" data-price=\"229.99\" rel=\"nofollow\" class=\"wp-block-button__link  add_to_cart_button\">Pasirinkti savybes<\/a><\/div>\n\t\t\t<\/li><li class=\"wc-block-grid__product\">\n\t\t\t\t<a href=\"https:\/\/tophotlot.com\/lt\/kangoo-jumps-kj-xr3-sokinejimo-batai-juoda-rozine\/\" class=\"wc-block-grid__product-link\">\n\t\t\t\t\t\n\t\t\t\t\t<div class=\"wc-block-grid__product-image\"><img loading=\"lazy\" decoding=\"async\" width=\"430\" height=\"430\" src=\"https:\/\/tophotlot.com\/lt\/wp-content\/uploads\/sites\/2\/2025\/06\/kj_xr3_se_black-pink.1000x1000-430x430.webp\" class=\"attachment-woocommerce_thumbnail size-woocommerce_thumbnail\" alt=\"Kangoo Jumps KJ XR3 \u0160okin\u0117jimo batai, Juoda Ro\u017ein\u0117\" srcset=\"https:\/\/tophotlot.com\/lt\/wp-content\/uploads\/sites\/2\/2025\/06\/kj_xr3_se_black-pink.1000x1000-430x430.webp 430w, https:\/\/tophotlot.com\/lt\/wp-content\/uploads\/sites\/2\/2025\/06\/kj_xr3_se_black-pink.1000x1000-300x300.webp 300w, https:\/\/tophotlot.com\/lt\/wp-content\/uploads\/sites\/2\/2025\/06\/kj_xr3_se_black-pink.1000x1000-800x800.webp 800w, https:\/\/tophotlot.com\/lt\/wp-content\/uploads\/sites\/2\/2025\/06\/kj_xr3_se_black-pink.1000x1000-150x150.webp 150w, https:\/\/tophotlot.com\/lt\/wp-content\/uploads\/sites\/2\/2025\/06\/kj_xr3_se_black-pink.1000x1000-768x768.webp 768w, https:\/\/tophotlot.com\/lt\/wp-content\/uploads\/sites\/2\/2025\/06\/kj_xr3_se_black-pink.1000x1000-700x700.webp 700w, https:\/\/tophotlot.com\/lt\/wp-content\/uploads\/sites\/2\/2025\/06\/kj_xr3_se_black-pink.1000x1000.webp 1000w\" sizes=\"auto, (max-width: 430px) 100vw, 430px\" \/><\/div>\n\t\t\t\t\t<div class=\"wc-block-grid__product-title\">Kangoo Jumps KJ XR3 \u0160okin\u0117jimo batai, Juoda Ro\u017ein\u0117<\/div>\n\t\t\t\t<\/a>\n\t\t\t\t<div class=\"wc-block-grid__product-price price\"><span class=\"woocommerce-Price-amount amount\">229,99&nbsp;<span class=\"woocommerce-Price-currencySymbol\">&euro;<\/span><\/span><\/div>\n\t\t\t\t\n\t\t\t\t<div class=\"wp-block-button wc-block-grid__product-add-to-cart\"><a href=\"https:\/\/tophotlot.com\/lt\/kangoo-jumps-kj-xr3-sokinejimo-batai-juoda-rozine\/\" aria-label=\"Pasirinkti savybes: &ldquo;Kangoo Jumps KJ XR3 \u0160okin\u0117jimo batai, Juoda Ro\u017ein\u0117&rdquo;\" data-quantity=\"1\" data-product_id=\"16720\" data-product_sku=\"\" data-price=\"229.99\" rel=\"nofollow\" class=\"wp-block-button__link  add_to_cart_button\">Pasirinkti savybes<\/a><\/div>\n\t\t\t<\/li><li class=\"wc-block-grid__product\">\n\t\t\t\t<a href=\"https:\/\/tophotlot.com\/lt\/kangoo-jumps-kj-xr3-sokinejimo-batai-juoda-oranzine\/\" class=\"wc-block-grid__product-link\">\n\t\t\t\t\t\n\t\t\t\t\t<div class=\"wc-block-grid__product-image\"><img loading=\"lazy\" decoding=\"async\" width=\"430\" height=\"430\" src=\"https:\/\/tophotlot.com\/lt\/wp-content\/uploads\/sites\/2\/2025\/06\/boot1.1000x1000-1-430x430.webp\" class=\"attachment-woocommerce_thumbnail size-woocommerce_thumbnail\" alt=\"Kangoo Jumps KJ XR3 \u0160okin\u0117jimo batai, Juoda Oran\u017ein\u0117\" srcset=\"https:\/\/tophotlot.com\/lt\/wp-content\/uploads\/sites\/2\/2025\/06\/boot1.1000x1000-1-430x430.webp 430w, https:\/\/tophotlot.com\/lt\/wp-content\/uploads\/sites\/2\/2025\/06\/boot1.1000x1000-1-300x300.webp 300w, https:\/\/tophotlot.com\/lt\/wp-content\/uploads\/sites\/2\/2025\/06\/boot1.1000x1000-1-800x800.webp 800w, https:\/\/tophotlot.com\/lt\/wp-content\/uploads\/sites\/2\/2025\/06\/boot1.1000x1000-1-150x150.webp 150w, https:\/\/tophotlot.com\/lt\/wp-content\/uploads\/sites\/2\/2025\/06\/boot1.1000x1000-1-768x768.webp 768w, https:\/\/tophotlot.com\/lt\/wp-content\/uploads\/sites\/2\/2025\/06\/boot1.1000x1000-1-700x700.webp 700w, https:\/\/tophotlot.com\/lt\/wp-content\/uploads\/sites\/2\/2025\/06\/boot1.1000x1000-1.webp 1000w\" sizes=\"auto, (max-width: 430px) 100vw, 430px\" \/><\/div>\n\t\t\t\t\t<div class=\"wc-block-grid__product-title\">Kangoo Jumps KJ XR3 \u0160okin\u0117jimo batai, Juoda Oran\u017ein\u0117<\/div>\n\t\t\t\t<\/a>\n\t\t\t\t<div class=\"wc-block-grid__product-price price\"><span class=\"woocommerce-Price-amount amount\">229,99&nbsp;<span class=\"woocommerce-Price-currencySymbol\">&euro;<\/span><\/span><\/div>\n\t\t\t\t\n\t\t\t\t<div class=\"wp-block-button wc-block-grid__product-add-to-cart\"><a href=\"https:\/\/tophotlot.com\/lt\/kangoo-jumps-kj-xr3-sokinejimo-batai-juoda-oranzine\/\" aria-label=\"Pasirinkti savybes: &ldquo;Kangoo Jumps KJ XR3 \u0160okin\u0117jimo batai, Juoda Oran\u017ein\u0117&rdquo;\" data-quantity=\"1\" data-product_id=\"16713\" data-product_sku=\"\" data-price=\"229.99\" rel=\"nofollow\" class=\"wp-block-button__link  add_to_cart_button\">Pasirinkti savybes<\/a><\/div>\n\t\t\t<\/li><\/ul><\/div><\/div>\r\n<\/div>\r\n","protected":false},"excerpt":{"rendered":"","protected":false},"author":1,"featured_media":0,"parent":0,"menu_order":0,"comment_status":"closed","ping_status":"closed","template":"","meta":{"_uag_custom_page_level_css":"","_trash_the_other_posts":false,"_monsterinsights_skip_tracking":false,"_monsterinsights_sitenote_active":false,"_monsterinsights_sitenote_note":"","_monsterinsights_sitenote_category":0,"editor_notices":[],"footnotes":""},"class_list":["post-6","page","type-page","status-publish","hentry"],"yoast_head":"<!-- This site is optimized with the Yoast SEO plugin v27.3 - https:\/\/yoast.com\/product\/yoast-seo-wordpress\/ -->\n<title>Krep\u0161elis - Tophotlot.lt<\/title>\n<meta name=\"robots\" content=\"noindex, follow\" \/>\n<meta property=\"og:locale\" content=\"lt_LT\" \/>\n<meta property=\"og:type\" content=\"article\" \/>\n<meta property=\"og:title\" content=\"Krep\u0161elis - Tophotlot.lt\" \/>\n<meta property=\"og:url\" content=\"https:\/\/tophotlot.com\/lt\/krepselis\/\" \/>\n<meta property=\"og:site_name\" content=\"Tophotlot.lt\" \/>\n<meta property=\"article:modified_time\" content=\"2026-04-03T21:33:31+00:00\" \/>\n<meta name=\"twitter:card\" content=\"summary_large_image\" \/>\n<meta name=\"twitter:label1\" content=\"Est. reading time\" \/>\n\t<meta name=\"twitter:data1\" content=\"1 minut\u0117\" \/>\n<script type=\"application\/ld+json\" class=\"yoast-schema-graph\">{\"@context\":\"https:\\\/\\\/schema.org\",\"@graph\":[{\"@type\":\"WebPage\",\"@id\":\"https:\\\/\\\/tophotlot.com\\\/lt\\\/krepselis\\\/\",\"url\":\"https:\\\/\\\/tophotlot.com\\\/lt\\\/krepselis\\\/\",\"name\":\"Krep\u0161elis - Tophotlot.lt\",\"isPartOf\":{\"@id\":\"https:\\\/\\\/tophotlot.com\\\/lt\\\/#website\"},\"datePublished\":\"2024-04-23T21:42:08+00:00\",\"dateModified\":\"2026-04-03T21:33:31+00:00\",\"breadcrumb\":{\"@id\":\"https:\\\/\\\/tophotlot.com\\\/lt\\\/krepselis\\\/#breadcrumb\"},\"inLanguage\":\"lt-LT\",\"potentialAction\":[{\"@type\":\"ReadAction\",\"target\":[\"https:\\\/\\\/tophotlot.com\\\/lt\\\/krepselis\\\/\"]}]},{\"@type\":\"BreadcrumbList\",\"@id\":\"https:\\\/\\\/tophotlot.com\\\/lt\\\/krepselis\\\/#breadcrumb\",\"itemListElement\":[{\"@type\":\"ListItem\",\"position\":1,\"name\":\"Home\",\"item\":\"https:\\\/\\\/tophotlot.com\\\/lt\\\/\"},{\"@type\":\"ListItem\",\"position\":2,\"name\":\"Krep\u0161elis\"}]},{\"@type\":\"WebSite\",\"@id\":\"https:\\\/\\\/tophotlot.com\\\/lt\\\/#website\",\"url\":\"https:\\\/\\\/tophotlot.com\\\/lt\\\/\",\"name\":\"Tophotlot\",\"description\":\"\",\"alternateName\":\"Tophotlot\",\"potentialAction\":[{\"@type\":\"SearchAction\",\"target\":{\"@type\":\"EntryPoint\",\"urlTemplate\":\"https:\\\/\\\/tophotlot.com\\\/lt\\\/?s={search_term_string}\"},\"query-input\":{\"@type\":\"PropertyValueSpecification\",\"valueRequired\":true,\"valueName\":\"search_term_string\"}}],\"inLanguage\":\"lt-LT\"}]}<\/script>\n<!-- \/ Yoast SEO plugin. -->","yoast_head_json":{"title":"Krep\u0161elis - Tophotlot.lt","robots":{"index":"noindex","follow":"follow"},"og_locale":"lt_LT","og_type":"article","og_title":"Krep\u0161elis - Tophotlot.lt","og_url":"https:\/\/tophotlot.com\/lt\/krepselis\/","og_site_name":"Tophotlot.lt","article_modified_time":"2026-04-03T21:33:31+00:00","twitter_card":"summary_large_image","twitter_misc":{"Est. reading time":"1 minut\u0117"},"schema":{"@context":"https:\/\/schema.org","@graph":[{"@type":"WebPage","@id":"https:\/\/tophotlot.com\/lt\/krepselis\/","url":"https:\/\/tophotlot.com\/lt\/krepselis\/","name":"Krep\u0161elis - Tophotlot.lt","isPartOf":{"@id":"https:\/\/tophotlot.com\/lt\/#website"},"datePublished":"2024-04-23T21:42:08+00:00","dateModified":"2026-04-03T21:33:31+00:00","breadcrumb":{"@id":"https:\/\/tophotlot.com\/lt\/krepselis\/#breadcrumb"},"inLanguage":"lt-LT","potentialAction":[{"@type":"ReadAction","target":["https:\/\/tophotlot.com\/lt\/krepselis\/"]}]},{"@type":"BreadcrumbList","@id":"https:\/\/tophotlot.com\/lt\/krepselis\/#breadcrumb","itemListElement":[{"@type":"ListItem","position":1,"name":"Home","item":"https:\/\/tophotlot.com\/lt\/"},{"@type":"ListItem","position":2,"name":"Krep\u0161elis"}]},{"@type":"WebSite","@id":"https:\/\/tophotlot.com\/lt\/#website","url":"https:\/\/tophotlot.com\/lt\/","name":"Tophotlot","description":"","alternateName":"Tophotlot","potentialAction":[{"@type":"SearchAction","target":{"@type":"EntryPoint","urlTemplate":"https:\/\/tophotlot.com\/lt\/?s={search_term_string}"},"query-input":{"@type":"PropertyValueSpecification","valueRequired":true,"valueName":"search_term_string"}}],"inLanguage":"lt-LT"}]}},"uagb_featured_image_src":{"full":false,"thumbnail":false,"medium":false,"medium_large":false,"large":false,"1536x1536":false,"2048x2048":false,"woocommerce_thumbnail":false,"woocommerce_single":false,"woocommerce_gallery_thumbnail":false},"uagb_author_info":{"display_name":"tophotlot","author_link":"https:\/\/tophotlot.com\/lt\/author\/tophotlot\/"},"uagb_comment_info":0,"uagb_excerpt":null,"_links":{"self":[{"href":"https:\/\/tophotlot.com\/lt\/wp-json\/wp\/v2\/pages\/6","targetHints":{"allow":["GET"]}}],"collection":[{"href":"https:\/\/tophotlot.com\/lt\/wp-json\/wp\/v2\/pages"}],"about":[{"href":"https:\/\/tophotlot.com\/lt\/wp-json\/wp\/v2\/types\/page"}],"author":[{"embeddable":true,"href":"https:\/\/tophotlot.com\/lt\/wp-json\/wp\/v2\/users\/1"}],"replies":[{"embeddable":true,"href":"https:\/\/tophotlot.com\/lt\/wp-json\/wp\/v2\/comments?post=6"}],"version-history":[{"count":2,"href":"https:\/\/tophotlot.com\/lt\/wp-json\/wp\/v2\/pages\/6\/revisions"}],"predecessor-version":[{"id":16833,"href":"https:\/\/tophotlot.com\/lt\/wp-json\/wp\/v2\/pages\/6\/revisions\/16833"}],"wp:attachment":[{"href":"https:\/\/tophotlot.com\/lt\/wp-json\/wp\/v2\/media?parent=6"}],"curies":[{"name":"wp","href":"https:\/\/api.w.org\/{rel}","templated":true}]}}